{"id":2506,"date":"2025-11-12T10:23:30","date_gmt":"2025-11-12T09:23:30","guid":{"rendered":"https:\/\/konkurs.kochamzlobek.pl\/?page_id=2506"},"modified":"2026-03-10T22:30:45","modified_gmt":"2026-03-10T21:30:45","slug":"nagrody","status":"publish","type":"page","link":"https:\/\/kochamzlobek.pl\/konkurs-dzien-opiekuna\/nagrody\/","title":{"rendered":"Nagrody"},"content":{"rendered":"\n<p><\/p>\n\n\n\n<p>Wyr\u00f3\u017cniamy opiekunki i opiekun\u00f3w, kt\u00f3rzy ka\u017cdego dnia tworz\u0105 \u017c\u0142obki pe\u0142ne dobrej energii, ciekawo\u015bci i wsp\u00f3lnego odkrywania \u015bwiata. Ka\u017cde zg\u0142oszenie to fragment tej codzienno\u015bci \u2013 historii opieki, uwa\u017cno\u015bci i relacji z najm\u0142odszymi dzie\u0107mi.<\/p>\n\n\n\n<p>Dla laureatki lub laureata przygotowali\u015bmy <strong>Statuetk\u0119 Kocham \u017b\u0142obek<\/strong> \u2013 mosi\u0119\u017cn\u0105, solidn\u0105 i wyj\u0105tkow\u0105, zaprojektowan\u0105 specjalnie dla naszych konkurs\u00f3w. Chcemy, \u017ceby trafi\u0142a tam, gdzie wida\u0107 pasj\u0119, trosk\u0119 i prawdziwe zaanga\u017cowanie w prac\u0119 z dzie\u0107mi.<\/p>\n\n\n\n<p>Przyznamy r\u00f3wnie\u017c dwa wyr\u00f3\u017cnienia. Autorzy wybranych historii otrzymaj\u0105 <strong>maskotki i koszulki kampanii #Kocham\u017b\u0142obek<\/strong> \u2013 \u017ceby wsp\u00f3lnie \u015bwi\u0119towa\u0107 to, co w \u017c\u0142obkach najpi\u0119kniejsze.<\/p>\n\n\n\n<p><\/p>\n","protected":false},"excerpt":{"rendered":"<p>Wyr\u00f3\u017cniamy opiekunki i opiekun\u00f3w, kt\u00f3rzy ka\u017cdego dnia tworz\u0105 \u017c\u0142obki pe\u0142ne dobrej energii, ciekawo\u015bci i wsp\u00f3lnego odkrywania \u015bwiata. Ka\u017cde zg\u0142oszenie to fragment tej codzienno\u015bci \u2013 historii opieki, uwa\u017cno\u015bci i relacji z najm\u0142odszymi dzie\u0107mi. Dla laureatki lub laureata przygotowali\u015bmy Statuetk\u0119 Kocham \u017b\u0142obek \u2013 mosi\u0119\u017cn\u0105, solidn\u0105 i wyj\u0105tkow\u0105, zaprojektowan\u0105 specjalnie dla naszych konkurs\u00f3w. Chcemy, \u017ceby trafi\u0142a tam, gdzie [&hellip;]<\/p>\n","protected":false},"author":4,"featured_media":0,"parent":0,"menu_order":0,"comment_status":"closed","ping_status":"closed","template":"","meta":{"_acf_changed":false,"_seopress_robots_primary_cat":"","_seopress_titles_title":"","_seopress_titles_desc":"","_seopress_robots_index":"","footnotes":""},"class_list":["post-2506","page","type-page","status-publish","hentry"],"acf":[],"_links":{"self":[{"href":"https:\/\/kochamzlobek.pl\/konkurs-dzien-opiekuna\/wp-json\/wp\/v2\/pages\/2506","targetHints":{"allow":["GET"]}}],"collection":[{"href":"https:\/\/kochamzlobek.pl\/konkurs-dzien-opiekuna\/wp-json\/wp\/v2\/pages"}],"about":[{"href":"https:\/\/kochamzlobek.pl\/konkurs-dzien-opiekuna\/wp-json\/wp\/v2\/types\/page"}],"author":[{"embeddable":true,"href":"https:\/\/kochamzlobek.pl\/konkurs-dzien-opiekuna\/wp-json\/wp\/v2\/users\/4"}],"replies":[{"embeddable":true,"href":"https:\/\/kochamzlobek.pl\/konkurs-dzien-opiekuna\/wp-json\/wp\/v2\/comments?post=2506"}],"version-history":[{"count":6,"href":"https:\/\/kochamzlobek.pl\/konkurs-dzien-opiekuna\/wp-json\/wp\/v2\/pages\/2506\/revisions"}],"predecessor-version":[{"id":3224,"href":"https:\/\/kochamzlobek.pl\/konkurs-dzien-opiekuna\/wp-json\/wp\/v2\/pages\/2506\/revisions\/3224"}],"wp:attachment":[{"href":"https:\/\/kochamzlobek.pl\/konkurs-dzien-opiekuna\/wp-json\/wp\/v2\/media?parent=2506"}],"curies":[{"name":"wp","href":"https:\/\/api.w.org\/{rel}","templated":true}]}}